{"id":541,"date":"2020-05-20T08:22:47","date_gmt":"2020-05-20T08:22:47","guid":{"rendered":"https:\/\/autobrillant.fr\/?post_type=product&#038;p=541"},"modified":"2020-05-20T08:22:47","modified_gmt":"2020-05-20T08:22:47","slug":"citadine-exterieur","status":"publish","type":"product","link":"https:\/\/autobrillant.fr\/es\/produit\/citadine-exterieur","title":{"rendered":"Citadine Ext\u00e9rieur"},"content":{"rendered":"<p>Ext\u00e9rieur : nettoyage de la carrosserie des plastiques et des chromes, d\u00e9moustiquage, lustrage, nettoyage des jantes.<\/p>\n","protected":false},"excerpt":{"rendered":"<p>Ext\u00e9rieur : nettoyage de la carrosserie des plastiques et des chromes, d\u00e9moustiquage, lustrage, nettoyage des jantes.<\/p>\n","protected":false},"featured_media":243,"comment_status":"open","ping_status":"closed","template":"","meta":[],"product_cat":[17],"product_tag":[],"yoast_head":"<!-- This site is optimized with the Yoast SEO plugin v18.1 - https:\/\/yoast.com\/wordpress\/plugins\/seo\/ -->\n<title>Citadine Ext\u00e9rieur - Autobrillant<\/title>\n<meta name=\"description\" content=\"Ext\u00e9rieur : nettoyage de la carrosserie des plastiques et des chromes, d\u00e9moustiquage, lustrage, nettoyage des jantes.\" \/>\n<meta name=\"robots\" content=\"index, follow, max-snippet:-1, max-image-preview:large, max-video-preview:-1\" \/>\n<link rel=\"canonical\" href=\"https:\/\/autobrillant.fr\/produit\/citadine-exterieur\" \/>\n<meta property=\"og:locale\" content=\"es_ES\" \/>\n<meta property=\"og:type\" content=\"article\" \/>\n<meta property=\"og:title\" content=\"Citadine Ext\u00e9rieur - Autobrillant\" \/>\n<meta property=\"og:description\" content=\"Ext\u00e9rieur : nettoyage de la carrosserie des plastiques et des chromes, d\u00e9moustiquage, lustrage, nettoyage des jantes.\" \/>\n<meta property=\"og:url\" content=\"https:\/\/autobrillant.fr\/produit\/citadine-exterieur\" \/>\n<meta property=\"og:site_name\" content=\"Autobrillant\" \/>\n<meta property=\"og:image\" content=\"https:\/\/autobrillant.fr\/wp-content\/uploads\/2020\/03\/citadine2.jpg\" \/>\n\t<meta property=\"og:image:width\" content=\"231\" \/>\n\t<meta property=\"og:image:height\" content=\"233\" \/>\n\t<meta property=\"og:image:type\" content=\"image\/jpeg\" \/>\n<meta name=\"twitter:card\" content=\"summary_large_image\" \/>\n<script type=\"application\/ld+json\" class=\"yoast-schema-graph\">{\"@context\":\"https:\/\/schema.org\",\"@graph\":[{\"@type\":\"WebSite\",\"@id\":\"https:\/\/autobrillant.fr\/#website\",\"url\":\"https:\/\/autobrillant.fr\/\",\"name\":\"Autobrillant\",\"description\":\"Nettoyage \u00e0 sec \u00e0 la main\",\"potentialAction\":[{\"@type\":\"SearchAction\",\"target\":{\"@type\":\"EntryPoint\",\"urlTemplate\":\"https:\/\/autobrillant.fr\/?s={search_term_string}\"},\"query-input\":\"required name=search_term_string\"}],\"inLanguage\":\"es-ES\"},{\"@type\":\"ImageObject\",\"@id\":\"https:\/\/autobrillant.fr\/produit\/citadine-exterieur#primaryimage\",\"inLanguage\":\"es-ES\",\"url\":\"https:\/\/autobrillant.fr\/wp-content\/uploads\/2020\/03\/citadine2.jpg\",\"contentUrl\":\"https:\/\/autobrillant.fr\/wp-content\/uploads\/2020\/03\/citadine2.jpg\",\"width\":231,\"height\":233},{\"@type\":\"WebPage\",\"@id\":\"https:\/\/autobrillant.fr\/produit\/citadine-exterieur#webpage\",\"url\":\"https:\/\/autobrillant.fr\/produit\/citadine-exterieur\",\"name\":\"Citadine Ext\u00e9rieur - Autobrillant\",\"isPartOf\":{\"@id\":\"https:\/\/autobrillant.fr\/#website\"},\"primaryImageOfPage\":{\"@id\":\"https:\/\/autobrillant.fr\/produit\/citadine-exterieur#primaryimage\"},\"datePublished\":\"2020-05-20T08:22:47+00:00\",\"dateModified\":\"2020-05-20T08:22:47+00:00\",\"description\":\"Ext\u00e9rieur : nettoyage de la carrosserie des plastiques et des chromes, d\u00e9moustiquage, lustrage, nettoyage des jantes.\",\"breadcrumb\":{\"@id\":\"https:\/\/autobrillant.fr\/produit\/citadine-exterieur#breadcrumb\"},\"inLanguage\":\"es-ES\",\"potentialAction\":[{\"@type\":\"ReadAction\",\"target\":[\"https:\/\/autobrillant.fr\/produit\/citadine-exterieur\"]}]},{\"@type\":\"BreadcrumbList\",\"@id\":\"https:\/\/autobrillant.fr\/produit\/citadine-exterieur#breadcrumb\",\"itemListElement\":[{\"@type\":\"ListItem\",\"position\":1,\"name\":\"Accueil\",\"item\":\"https:\/\/autobrillant.fr\/\"},{\"@type\":\"ListItem\",\"position\":2,\"name\":\"Boutique\",\"item\":\"https:\/\/autobrillant.fr\/boutique\"},{\"@type\":\"ListItem\",\"position\":3,\"name\":\"Citadine Ext\u00e9rieur\"}]}]}<\/script>\n<!-- \/ Yoast SEO plugin. -->","yoast_head_json":{"title":"Citadine Ext\u00e9rieur - Autobrillant","description":"Ext\u00e9rieur : nettoyage de la carrosserie des plastiques et des chromes, d\u00e9moustiquage, lustrage, nettoyage des jantes.","robots":{"index":"index","follow":"follow","max-snippet":"max-snippet:-1","max-image-preview":"max-image-preview:large","max-video-preview":"max-video-preview:-1"},"canonical":"https:\/\/autobrillant.fr\/produit\/citadine-exterieur","og_locale":"es_ES","og_type":"article","og_title":"Citadine Ext\u00e9rieur - Autobrillant","og_description":"Ext\u00e9rieur : nettoyage de la carrosserie des plastiques et des chromes, d\u00e9moustiquage, lustrage, nettoyage des jantes.","og_url":"https:\/\/autobrillant.fr\/produit\/citadine-exterieur","og_site_name":"Autobrillant","og_image":[{"width":231,"height":233,"url":"https:\/\/autobrillant.fr\/wp-content\/uploads\/2020\/03\/citadine2.jpg","type":"image\/jpeg"}],"twitter_card":"summary_large_image","schema":{"@context":"https:\/\/schema.org","@graph":[{"@type":"WebSite","@id":"https:\/\/autobrillant.fr\/#website","url":"https:\/\/autobrillant.fr\/","name":"Autobrillant","description":"Nettoyage \u00e0 sec \u00e0 la main","potentialAction":[{"@type":"SearchAction","target":{"@type":"EntryPoint","urlTemplate":"https:\/\/autobrillant.fr\/?s={search_term_string}"},"query-input":"required name=search_term_string"}],"inLanguage":"es-ES"},{"@type":"ImageObject","@id":"https:\/\/autobrillant.fr\/produit\/citadine-exterieur#primaryimage","inLanguage":"es-ES","url":"https:\/\/autobrillant.fr\/wp-content\/uploads\/2020\/03\/citadine2.jpg","contentUrl":"https:\/\/autobrillant.fr\/wp-content\/uploads\/2020\/03\/citadine2.jpg","width":231,"height":233},{"@type":"WebPage","@id":"https:\/\/autobrillant.fr\/produit\/citadine-exterieur#webpage","url":"https:\/\/autobrillant.fr\/produit\/citadine-exterieur","name":"Citadine Ext\u00e9rieur - Autobrillant","isPartOf":{"@id":"https:\/\/autobrillant.fr\/#website"},"primaryImageOfPage":{"@id":"https:\/\/autobrillant.fr\/produit\/citadine-exterieur#primaryimage"},"datePublished":"2020-05-20T08:22:47+00:00","dateModified":"2020-05-20T08:22:47+00:00","description":"Ext\u00e9rieur : nettoyage de la carrosserie des plastiques et des chromes, d\u00e9moustiquage, lustrage, nettoyage des jantes.","breadcrumb":{"@id":"https:\/\/autobrillant.fr\/produit\/citadine-exterieur#breadcrumb"},"inLanguage":"es-ES","potentialAction":[{"@type":"ReadAction","target":["https:\/\/autobrillant.fr\/produit\/citadine-exterieur"]}]},{"@type":"BreadcrumbList","@id":"https:\/\/autobrillant.fr\/produit\/citadine-exterieur#breadcrumb","itemListElement":[{"@type":"ListItem","position":1,"name":"Accueil","item":"https:\/\/autobrillant.fr\/"},{"@type":"ListItem","position":2,"name":"Boutique","item":"https:\/\/autobrillant.fr\/boutique"},{"@type":"ListItem","position":3,"name":"Citadine Ext\u00e9rieur"}]}]}},"_links":{"self":[{"href":"https:\/\/autobrillant.fr\/es\/wp-json\/wp\/v2\/product\/541"}],"collection":[{"href":"https:\/\/autobrillant.fr\/es\/wp-json\/wp\/v2\/product"}],"about":[{"href":"https:\/\/autobrillant.fr\/es\/wp-json\/wp\/v2\/types\/product"}],"replies":[{"embeddable":true,"href":"https:\/\/autobrillant.fr\/es\/wp-json\/wp\/v2\/comments?post=541"}],"wp:featuredmedia":[{"embeddable":true,"href":"https:\/\/autobrillant.fr\/es\/wp-json\/wp\/v2\/media\/243"}],"wp:attachment":[{"href":"https:\/\/autobrillant.fr\/es\/wp-json\/wp\/v2\/media?parent=541"}],"wp:term":[{"taxonomy":"product_cat","embeddable":true,"href":"https:\/\/autobrillant.fr\/es\/wp-json\/wp\/v2\/product_cat?post=541"},{"taxonomy":"product_tag","embeddable":true,"href":"https:\/\/autobrillant.fr\/es\/wp-json\/wp\/v2\/product_tag?post=541"}],"curies":[{"name":"wp","href":"https:\/\/api.w.org\/{rel}","templated":true}]}}