{"id":48,"date":"2020-03-12T11:17:34","date_gmt":"2020-03-12T11:17:34","guid":{"rendered":"https:\/\/autobrillant.fr\/?page_id=48"},"modified":"2020-03-27T19:18:56","modified_gmt":"2020-03-27T19:18:56","slug":"questions-frequentes","status":"publish","type":"page","link":"https:\/\/autobrillant.fr\/es\/questions-frequentes","title":{"rendered":"Question Fr\u00e9quentes"},"content":{"rendered":"\t\t<div data-elementor-type=\"wp-page\" data-elementor-id=\"48\" class=\"elementor elementor-48\">\n\t\t\t\t\t\t<div class=\"elementor-inner\">\n\t\t\t\t<div class=\"elementor-section-wrap\">\n\t\t\t\t\t\t\t\t\t<section class=\"elementor-section elementor-top-section elementor-element elementor-element-8bca882 elementor-section-content-middle elementor-section-stretched elementor-section-boxed elementor-section-height-default elementor-section-height-default\" data-id=\"8bca882\" data-element_type=\"section\" data-settings=\"{&quot;stretch_section&quot;:&quot;section-stretched&quot;}\">\n\t\t\t\t\t\t<div class=\"elementor-container elementor-column-gap-no\">\n\t\t\t\t\t\t\t<div class=\"elementor-row\">\n\t\t\t\t\t<div class=\"elementor-column elementor-col-100 elementor-top-column elementor-element elementor-element-5ff8de07\" data-id=\"5ff8de07\" data-element_type=\"column\">\n\t\t\t<div class=\"elementor-column-wrap elementor-element-populated\">\n\t\t\t\t\t\t\t<div class=\"elementor-widget-wrap\">\n\t\t\t\t\t\t<div class=\"elementor-element elementor-element-79fa8385 elementor-widget elementor-widget-heading\" data-id=\"79fa8385\" data-element_type=\"widget\" data-widget_type=\"heading.default\">\n\t\t\t\t<div class=\"elementor-widget-container\">\n\t\t\t<h4 class=\"elementor-heading-title elementor-size-default\">FAQ<\/h4>\t\t<\/div>\n\t\t\t\t<\/div>\n\t\t\t\t<div class=\"elementor-element elementor-element-6abbd047 elementor-widget elementor-widget-heading\" data-id=\"6abbd047\" data-element_type=\"widget\" data-widget_type=\"heading.default\">\n\t\t\t\t<div class=\"elementor-widget-container\">\n\t\t\t<h5 class=\"elementor-heading-title elementor-size-default\">Most frequent questions and answers<\/h5>\t\t<\/div>\n\t\t\t\t<\/div>\n\t\t\t\t<div class=\"elementor-element elementor-element-af9caf6 elementor-widget elementor-widget-toggle\" data-id=\"af9caf6\" data-element_type=\"widget\" data-widget_type=\"toggle.default\">\n\t\t\t\t<div class=\"elementor-widget-container\">\n\t\t\t\t\t<div class=\"elementor-toggle\" role=\"tablist\">\n\t\t\t\t\t\t\t<div class=\"elementor-toggle-item\">\n\t\t\t\t\t<div id=\"elementor-tab-title-1841\" class=\"elementor-tab-title\" data-tab=\"1\" role=\"tab\" aria-controls=\"elementor-tab-content-1841\" aria-expanded=\"false\">\n\t\t\t\t\t\t\t\t\t\t\t\t<span class=\"elementor-toggle-icon elementor-toggle-icon-right\" aria-hidden=\"true\">\n\t\t\t\t\t\t\t\t\t\t\t\t\t\t\t<span class=\"elementor-toggle-icon-closed\"><i class=\"fas fa-caret-right\"><\/i><\/span>\n\t\t\t\t\t\t\t\t<span class=\"elementor-toggle-icon-opened\"><i class=\"elementor-toggle-icon-opened fas fa-caret-up\"><\/i><\/span>\n\t\t\t\t\t\t\t\t\t\t\t\t\t<\/span>\n\t\t\t\t\t\t\t\t\t\t\t\t<a href=\"\" class=\"elementor-toggle-title\">Comment puis-je payer le service ?<\/a>\n\t\t\t\t\t<\/div>\n\n\t\t\t\t\t<div id=\"elementor-tab-content-1841\" class=\"elementor-tab-content elementor-clearfix\" data-tab=\"1\" role=\"tabpanel\" aria-labelledby=\"elementor-tab-title-1841\">Nous proposons diff\u00e9rentes m\u00e9thodes de paiement s\u00e9curis\u00e9es, par carte bancaire, paypal, strip.<\/div>\n\t\t\t\t<\/div>\n\t\t\t\t\t\t\t<div class=\"elementor-toggle-item\">\n\t\t\t\t\t<div id=\"elementor-tab-title-1842\" class=\"elementor-tab-title\" data-tab=\"2\" role=\"tab\" aria-controls=\"elementor-tab-content-1842\" aria-expanded=\"false\">\n\t\t\t\t\t\t\t\t\t\t\t\t<span class=\"elementor-toggle-icon elementor-toggle-icon-right\" aria-hidden=\"true\">\n\t\t\t\t\t\t\t\t\t\t\t\t\t\t\t<span class=\"elementor-toggle-icon-closed\"><i class=\"fas fa-caret-right\"><\/i><\/span>\n\t\t\t\t\t\t\t\t<span class=\"elementor-toggle-icon-opened\"><i class=\"elementor-toggle-icon-opened fas fa-caret-up\"><\/i><\/span>\n\t\t\t\t\t\t\t\t\t\t\t\t\t<\/span>\n\t\t\t\t\t\t\t\t\t\t\t\t<a href=\"\" class=\"elementor-toggle-title\">Comment prendre rendez-vous? ?<\/a>\n\t\t\t\t\t<\/div>\n\n\t\t\t\t\t<div id=\"elementor-tab-content-1842\" class=\"elementor-tab-content elementor-clearfix\" data-tab=\"2\" role=\"tabpanel\" aria-labelledby=\"elementor-tab-title-1842\">Lors du paiement du service dans le panier, vous pouvez choisir l&#8217;heure qui vous convient, Au moins un jour \u00e0 l&#8217;avanc<\/div>\n\t\t\t\t<\/div>\n\t\t\t\t\t\t\t<div class=\"elementor-toggle-item\">\n\t\t\t\t\t<div id=\"elementor-tab-title-1843\" class=\"elementor-tab-title\" data-tab=\"3\" role=\"tab\" aria-controls=\"elementor-tab-content-1843\" aria-expanded=\"false\">\n\t\t\t\t\t\t\t\t\t\t\t\t<span class=\"elementor-toggle-icon elementor-toggle-icon-right\" aria-hidden=\"true\">\n\t\t\t\t\t\t\t\t\t\t\t\t\t\t\t<span class=\"elementor-toggle-icon-closed\"><i class=\"fas fa-caret-right\"><\/i><\/span>\n\t\t\t\t\t\t\t\t<span class=\"elementor-toggle-icon-opened\"><i class=\"elementor-toggle-icon-opened fas fa-caret-up\"><\/i><\/span>\n\t\t\t\t\t\t\t\t\t\t\t\t\t<\/span>\n\t\t\t\t\t\t\t\t\t\t\t\t<a href=\"\" class=\"elementor-toggle-title\">puis-je reporter ou annuler la visite?<\/a>\n\t\t\t\t\t<\/div>\n\n\t\t\t\t\t<div id=\"elementor-tab-content-1843\" class=\"elementor-tab-content elementor-clearfix\" data-tab=\"3\" role=\"tabpanel\" aria-labelledby=\"elementor-tab-title-1843\"><p>Bien s\u00fbr, vous devez nous appeler et nous informer de votre changement d&#8217;horaire un jour \u00e0 l&#8217;avance.<\/p><\/div>\n\t\t\t\t<\/div>\n\t\t\t\t\t\t\t\t<\/div>\n\t\t\t\t<\/div>\n\t\t\t\t<\/div>\n\t\t\t\t\t\t<\/div>\n\t\t\t\t\t<\/div>\n\t\t<\/div>\n\t\t\t\t\t\t\t\t<\/div>\n\t\t\t\t\t<\/div>\n\t\t<\/section>\n\t\t\t\t\t\t\t\t\t<\/div>\n\t\t\t<\/div>\n\t\t\t\t\t<\/div>\n\t\t","protected":false},"excerpt":{"rendered":"<p>FAQ Most frequent questions and answers Comment puis-je payer le service ? Nous proposons diff\u00e9rentes m\u00e9thodes de paiement s\u00e9curis\u00e9es, par carte bancaire, paypal, strip. Comment prendre rendez-vous? ? Lors du paiement du service dans le panier, vous pouvez choisir l&#8217;heure qui vous convient, Au moins un jour \u00e0 l&#8217;avanc puis-je reporter ou annuler la visite? [&hellip;]<\/p>\n","protected":false},"author":1,"featured_media":0,"parent":0,"menu_order":0,"comment_status":"closed","ping_status":"closed","template":"","meta":[],"yoast_head":"<!-- This site is optimized with the Yoast SEO plugin v18.1 - https:\/\/yoast.com\/wordpress\/plugins\/seo\/ -->\n<title>Question Fr\u00e9quentes - Autobrillant<\/title>\n<meta name=\"robots\" content=\"index, follow, max-snippet:-1, max-image-preview:large, max-video-preview:-1\" \/>\n<link rel=\"canonical\" href=\"https:\/\/autobrillant.fr\/questions-frequentes\" \/>\n<meta property=\"og:locale\" content=\"es_ES\" \/>\n<meta property=\"og:type\" content=\"article\" \/>\n<meta property=\"og:title\" content=\"Question Fr\u00e9quentes - Autobrillant\" \/>\n<meta property=\"og:description\" content=\"FAQ Most frequent questions and answers Comment puis-je payer le service ? Nous proposons diff\u00e9rentes m\u00e9thodes de paiement s\u00e9curis\u00e9es, par carte bancaire, paypal, strip. Comment prendre rendez-vous? ? Lors du paiement du service dans le panier, vous pouvez choisir l&#8217;heure qui vous convient, Au moins un jour \u00e0 l&#8217;avanc puis-je reporter ou annuler la visite? [&hellip;]\" \/>\n<meta property=\"og:url\" content=\"https:\/\/autobrillant.fr\/questions-frequentes\" \/>\n<meta property=\"og:site_name\" content=\"Autobrillant\" \/>\n<meta property=\"article:modified_time\" content=\"2020-03-27T19:18:56+00:00\" \/>\n<meta name=\"twitter:card\" content=\"summary_large_image\" \/>\n<script type=\"application\/ld+json\" class=\"yoast-schema-graph\">{\"@context\":\"https:\/\/schema.org\",\"@graph\":[{\"@type\":\"WebSite\",\"@id\":\"https:\/\/autobrillant.fr\/#website\",\"url\":\"https:\/\/autobrillant.fr\/\",\"name\":\"Autobrillant\",\"description\":\"Nettoyage \u00e0 sec \u00e0 la main\",\"potentialAction\":[{\"@type\":\"SearchAction\",\"target\":{\"@type\":\"EntryPoint\",\"urlTemplate\":\"https:\/\/autobrillant.fr\/?s={search_term_string}\"},\"query-input\":\"required name=search_term_string\"}],\"inLanguage\":\"es-ES\"},{\"@type\":\"WebPage\",\"@id\":\"https:\/\/autobrillant.fr\/questions-frequentes#webpage\",\"url\":\"https:\/\/autobrillant.fr\/questions-frequentes\",\"name\":\"Question Fr\u00e9quentes - Autobrillant\",\"isPartOf\":{\"@id\":\"https:\/\/autobrillant.fr\/#website\"},\"datePublished\":\"2020-03-12T11:17:34+00:00\",\"dateModified\":\"2020-03-27T19:18:56+00:00\",\"breadcrumb\":{\"@id\":\"https:\/\/autobrillant.fr\/questions-frequentes#breadcrumb\"},\"inLanguage\":\"es-ES\",\"potentialAction\":[{\"@type\":\"ReadAction\",\"target\":[\"https:\/\/autobrillant.fr\/questions-frequentes\"]}]},{\"@type\":\"BreadcrumbList\",\"@id\":\"https:\/\/autobrillant.fr\/questions-frequentes#breadcrumb\",\"itemListElement\":[{\"@type\":\"ListItem\",\"position\":1,\"name\":\"Accueil\",\"item\":\"https:\/\/autobrillant.fr\/\"},{\"@type\":\"ListItem\",\"position\":2,\"name\":\"Question Fr\u00e9quentes\"}]}]}<\/script>\n<!-- \/ Yoast SEO plugin. -->","yoast_head_json":{"title":"Question Fr\u00e9quentes - Autobrillant","robots":{"index":"index","follow":"follow","max-snippet":"max-snippet:-1","max-image-preview":"max-image-preview:large","max-video-preview":"max-video-preview:-1"},"canonical":"https:\/\/autobrillant.fr\/questions-frequentes","og_locale":"es_ES","og_type":"article","og_title":"Question Fr\u00e9quentes - Autobrillant","og_description":"FAQ Most frequent questions and answers Comment puis-je payer le service ? Nous proposons diff\u00e9rentes m\u00e9thodes de paiement s\u00e9curis\u00e9es, par carte bancaire, paypal, strip. Comment prendre rendez-vous? ? Lors du paiement du service dans le panier, vous pouvez choisir l&#8217;heure qui vous convient, Au moins un jour \u00e0 l&#8217;avanc puis-je reporter ou annuler la visite? [&hellip;]","og_url":"https:\/\/autobrillant.fr\/questions-frequentes","og_site_name":"Autobrillant","article_modified_time":"2020-03-27T19:18:56+00:00","twitter_card":"summary_large_image","schema":{"@context":"https:\/\/schema.org","@graph":[{"@type":"WebSite","@id":"https:\/\/autobrillant.fr\/#website","url":"https:\/\/autobrillant.fr\/","name":"Autobrillant","description":"Nettoyage \u00e0 sec \u00e0 la main","potentialAction":[{"@type":"SearchAction","target":{"@type":"EntryPoint","urlTemplate":"https:\/\/autobrillant.fr\/?s={search_term_string}"},"query-input":"required name=search_term_string"}],"inLanguage":"es-ES"},{"@type":"WebPage","@id":"https:\/\/autobrillant.fr\/questions-frequentes#webpage","url":"https:\/\/autobrillant.fr\/questions-frequentes","name":"Question Fr\u00e9quentes - Autobrillant","isPartOf":{"@id":"https:\/\/autobrillant.fr\/#website"},"datePublished":"2020-03-12T11:17:34+00:00","dateModified":"2020-03-27T19:18:56+00:00","breadcrumb":{"@id":"https:\/\/autobrillant.fr\/questions-frequentes#breadcrumb"},"inLanguage":"es-ES","potentialAction":[{"@type":"ReadAction","target":["https:\/\/autobrillant.fr\/questions-frequentes"]}]},{"@type":"BreadcrumbList","@id":"https:\/\/autobrillant.fr\/questions-frequentes#breadcrumb","itemListElement":[{"@type":"ListItem","position":1,"name":"Accueil","item":"https:\/\/autobrillant.fr\/"},{"@type":"ListItem","position":2,"name":"Question Fr\u00e9quentes"}]}]}},"_links":{"self":[{"href":"https:\/\/autobrillant.fr\/es\/wp-json\/wp\/v2\/pages\/48"}],"collection":[{"href":"https:\/\/autobrillant.fr\/es\/wp-json\/wp\/v2\/pages"}],"about":[{"href":"https:\/\/autobrillant.fr\/es\/wp-json\/wp\/v2\/types\/page"}],"author":[{"embeddable":true,"href":"https:\/\/autobrillant.fr\/es\/wp-json\/wp\/v2\/users\/1"}],"replies":[{"embeddable":true,"href":"https:\/\/autobrillant.fr\/es\/wp-json\/wp\/v2\/comments?post=48"}],"version-history":[{"count":14,"href":"https:\/\/autobrillant.fr\/es\/wp-json\/wp\/v2\/pages\/48\/revisions"}],"predecessor-version":[{"id":239,"href":"https:\/\/autobrillant.fr\/es\/wp-json\/wp\/v2\/pages\/48\/revisions\/239"}],"wp:attachment":[{"href":"https:\/\/autobrillant.fr\/es\/wp-json\/wp\/v2\/media?parent=48"}],"curies":[{"name":"wp","href":"https:\/\/api.w.org\/{rel}","templated":true}]}}