{"id":540,"date":"2020-05-20T08:19:53","date_gmt":"2020-05-20T08:19:53","guid":{"rendered":"https:\/\/autobrillant.fr\/?post_type=product&#038;p=540"},"modified":"2021-01-18T18:32:05","modified_gmt":"2021-01-18T18:32:05","slug":"parisienne-exterieur","status":"publish","type":"product","link":"https:\/\/autobrillant.fr\/en\/produit\/parisienne-exterieur","title":{"rendered":"Parisienne Ext\u00e9rieur"},"content":{"rendered":"<p>Ext\u00e9rieur : nettoyage de la carrosserie des plastiques et des chromes, d\u00e9moustiquage, lustrage, nettoyage des jantes.<\/p>\n","protected":false},"excerpt":{"rendered":"<p>Ext\u00e9rieur : nettoyage de la carrosserie des plastiques et des chromes, d\u00e9moustiquage, lustrage, nettoyage des jantes.<\/p>\n","protected":false},"featured_media":244,"comment_status":"open","ping_status":"closed","template":"","meta":[],"product_cat":[16],"product_tag":[],"yoast_head":"<!-- This site is optimized with the Yoast SEO plugin v18.1 - https:\/\/yoast.com\/wordpress\/plugins\/seo\/ -->\n<title>Parisienne Ext\u00e9rieur - Autobrillant<\/title>\n<meta name=\"description\" content=\"Ext\u00e9rieur : nettoyage de la carrosserie des plastiques et des chromes, d\u00e9moustiquage, lustrage, nettoyage des jantes.\" \/>\n<meta name=\"robots\" content=\"index, follow, max-snippet:-1, max-image-preview:large, max-video-preview:-1\" \/>\n<link rel=\"canonical\" href=\"https:\/\/autobrillant.fr\/produit\/parisienne-exterieur\" \/>\n<meta property=\"og:locale\" content=\"en_US\" \/>\n<meta property=\"og:type\" content=\"article\" \/>\n<meta property=\"og:title\" content=\"Parisienne Ext\u00e9rieur - Autobrillant\" \/>\n<meta property=\"og:description\" content=\"Ext\u00e9rieur : nettoyage de la carrosserie des plastiques et des chromes, d\u00e9moustiquage, lustrage, nettoyage des jantes.\" \/>\n<meta property=\"og:url\" content=\"https:\/\/autobrillant.fr\/produit\/parisienne-exterieur\" \/>\n<meta property=\"og:site_name\" content=\"Autobrillant\" \/>\n<meta property=\"article:modified_time\" content=\"2021-01-18T18:32:05+00:00\" \/>\n<meta property=\"og:image\" content=\"https:\/\/autobrillant.fr\/wp-content\/uploads\/2020\/03\/Parisienne2.jpg\" \/>\n\t<meta property=\"og:image:width\" content=\"227\" \/>\n\t<meta property=\"og:image:height\" content=\"227\" \/>\n\t<meta property=\"og:image:type\" content=\"image\/jpeg\" \/>\n<meta name=\"twitter:card\" content=\"summary_large_image\" \/>\n<script type=\"application\/ld+json\" class=\"yoast-schema-graph\">{\"@context\":\"https:\/\/schema.org\",\"@graph\":[{\"@type\":\"WebSite\",\"@id\":\"https:\/\/autobrillant.fr\/#website\",\"url\":\"https:\/\/autobrillant.fr\/\",\"name\":\"Autobrillant\",\"description\":\"Nettoyage \u00e0 sec \u00e0 la main\",\"potentialAction\":[{\"@type\":\"SearchAction\",\"target\":{\"@type\":\"EntryPoint\",\"urlTemplate\":\"https:\/\/autobrillant.fr\/?s={search_term_string}\"},\"query-input\":\"required name=search_term_string\"}],\"inLanguage\":\"en-US\"},{\"@type\":\"ImageObject\",\"@id\":\"https:\/\/autobrillant.fr\/produit\/parisienne-exterieur#primaryimage\",\"inLanguage\":\"en-US\",\"url\":\"https:\/\/autobrillant.fr\/wp-content\/uploads\/2020\/03\/Parisienne2.jpg\",\"contentUrl\":\"https:\/\/autobrillant.fr\/wp-content\/uploads\/2020\/03\/Parisienne2.jpg\",\"width\":227,\"height\":227},{\"@type\":\"WebPage\",\"@id\":\"https:\/\/autobrillant.fr\/produit\/parisienne-exterieur#webpage\",\"url\":\"https:\/\/autobrillant.fr\/produit\/parisienne-exterieur\",\"name\":\"Parisienne Ext\u00e9rieur - Autobrillant\",\"isPartOf\":{\"@id\":\"https:\/\/autobrillant.fr\/#website\"},\"primaryImageOfPage\":{\"@id\":\"https:\/\/autobrillant.fr\/produit\/parisienne-exterieur#primaryimage\"},\"datePublished\":\"2020-05-20T08:19:53+00:00\",\"dateModified\":\"2021-01-18T18:32:05+00:00\",\"description\":\"Ext\u00e9rieur : nettoyage de la carrosserie des plastiques et des chromes, d\u00e9moustiquage, lustrage, nettoyage des jantes.\",\"breadcrumb\":{\"@id\":\"https:\/\/autobrillant.fr\/produit\/parisienne-exterieur#breadcrumb\"},\"inLanguage\":\"en-US\",\"potentialAction\":[{\"@type\":\"ReadAction\",\"target\":[\"https:\/\/autobrillant.fr\/produit\/parisienne-exterieur\"]}]},{\"@type\":\"BreadcrumbList\",\"@id\":\"https:\/\/autobrillant.fr\/produit\/parisienne-exterieur#breadcrumb\",\"itemListElement\":[{\"@type\":\"ListItem\",\"position\":1,\"name\":\"Accueil\",\"item\":\"https:\/\/autobrillant.fr\/\"},{\"@type\":\"ListItem\",\"position\":2,\"name\":\"Boutique\",\"item\":\"https:\/\/autobrillant.fr\/boutique\"},{\"@type\":\"ListItem\",\"position\":3,\"name\":\"Parisienne Ext\u00e9rieur\"}]}]}<\/script>\n<!-- \/ Yoast SEO plugin. -->","yoast_head_json":{"title":"Parisienne Ext\u00e9rieur - Autobrillant","description":"Ext\u00e9rieur : nettoyage de la carrosserie des plastiques et des chromes, d\u00e9moustiquage, lustrage, nettoyage des jantes.","robots":{"index":"index","follow":"follow","max-snippet":"max-snippet:-1","max-image-preview":"max-image-preview:large","max-video-preview":"max-video-preview:-1"},"canonical":"https:\/\/autobrillant.fr\/produit\/parisienne-exterieur","og_locale":"en_US","og_type":"article","og_title":"Parisienne Ext\u00e9rieur - Autobrillant","og_description":"Ext\u00e9rieur : nettoyage de la carrosserie des plastiques et des chromes, d\u00e9moustiquage, lustrage, nettoyage des jantes.","og_url":"https:\/\/autobrillant.fr\/produit\/parisienne-exterieur","og_site_name":"Autobrillant","article_modified_time":"2021-01-18T18:32:05+00:00","og_image":[{"width":227,"height":227,"url":"https:\/\/autobrillant.fr\/wp-content\/uploads\/2020\/03\/Parisienne2.jpg","type":"image\/jpeg"}],"twitter_card":"summary_large_image","schema":{"@context":"https:\/\/schema.org","@graph":[{"@type":"WebSite","@id":"https:\/\/autobrillant.fr\/#website","url":"https:\/\/autobrillant.fr\/","name":"Autobrillant","description":"Nettoyage \u00e0 sec \u00e0 la main","potentialAction":[{"@type":"SearchAction","target":{"@type":"EntryPoint","urlTemplate":"https:\/\/autobrillant.fr\/?s={search_term_string}"},"query-input":"required name=search_term_string"}],"inLanguage":"en-US"},{"@type":"ImageObject","@id":"https:\/\/autobrillant.fr\/produit\/parisienne-exterieur#primaryimage","inLanguage":"en-US","url":"https:\/\/autobrillant.fr\/wp-content\/uploads\/2020\/03\/Parisienne2.jpg","contentUrl":"https:\/\/autobrillant.fr\/wp-content\/uploads\/2020\/03\/Parisienne2.jpg","width":227,"height":227},{"@type":"WebPage","@id":"https:\/\/autobrillant.fr\/produit\/parisienne-exterieur#webpage","url":"https:\/\/autobrillant.fr\/produit\/parisienne-exterieur","name":"Parisienne Ext\u00e9rieur - Autobrillant","isPartOf":{"@id":"https:\/\/autobrillant.fr\/#website"},"primaryImageOfPage":{"@id":"https:\/\/autobrillant.fr\/produit\/parisienne-exterieur#primaryimage"},"datePublished":"2020-05-20T08:19:53+00:00","dateModified":"2021-01-18T18:32:05+00:00","description":"Ext\u00e9rieur : nettoyage de la carrosserie des plastiques et des chromes, d\u00e9moustiquage, lustrage, nettoyage des jantes.","breadcrumb":{"@id":"https:\/\/autobrillant.fr\/produit\/parisienne-exterieur#breadcrumb"},"inLanguage":"en-US","potentialAction":[{"@type":"ReadAction","target":["https:\/\/autobrillant.fr\/produit\/parisienne-exterieur"]}]},{"@type":"BreadcrumbList","@id":"https:\/\/autobrillant.fr\/produit\/parisienne-exterieur#breadcrumb","itemListElement":[{"@type":"ListItem","position":1,"name":"Accueil","item":"https:\/\/autobrillant.fr\/"},{"@type":"ListItem","position":2,"name":"Boutique","item":"https:\/\/autobrillant.fr\/boutique"},{"@type":"ListItem","position":3,"name":"Parisienne Ext\u00e9rieur"}]}]}},"_links":{"self":[{"href":"https:\/\/autobrillant.fr\/en\/wp-json\/wp\/v2\/product\/540"}],"collection":[{"href":"https:\/\/autobrillant.fr\/en\/wp-json\/wp\/v2\/product"}],"about":[{"href":"https:\/\/autobrillant.fr\/en\/wp-json\/wp\/v2\/types\/product"}],"replies":[{"embeddable":true,"href":"https:\/\/autobrillant.fr\/en\/wp-json\/wp\/v2\/comments?post=540"}],"wp:featuredmedia":[{"embeddable":true,"href":"https:\/\/autobrillant.fr\/en\/wp-json\/wp\/v2\/media\/244"}],"wp:attachment":[{"href":"https:\/\/autobrillant.fr\/en\/wp-json\/wp\/v2\/media?parent=540"}],"wp:term":[{"taxonomy":"product_cat","embeddable":true,"href":"https:\/\/autobrillant.fr\/en\/wp-json\/wp\/v2\/product_cat?post=540"},{"taxonomy":"product_tag","embeddable":true,"href":"https:\/\/autobrillant.fr\/en\/wp-json\/wp\/v2\/product_tag?post=540"}],"curies":[{"name":"wp","href":"https:\/\/api.w.org\/{rel}","templated":true}]}}